{"id":17,"date":"2020-11-08T10:08:10","date_gmt":"2020-11-08T10:08:10","guid":{"rendered":"https:\/\/angelinabalm.com\/?page_id=17"},"modified":"2026-01-03T20:22:24","modified_gmt":"2026-01-03T20:22:24","slug":"angelina-balm","status":"publish","type":"page","link":"https:\/\/angelinabalm.com\/","title":{"rendered":"Angelina Balm"},"content":{"rendered":"<div class=\"wp-block-image\">\n<figure class=\"aligncenter size-full\"><img fetchpriority=\"high\" decoding=\"async\" width=\"667\" height=\"1000\" src=\"https:\/\/angelinabalm.com\/wp-content\/uploads\/2022\/09\/100ml-vertikaal.jpg\" alt=\"\" class=\"wp-image-145\" srcset=\"https:\/\/angelinabalm.com\/wp-content\/uploads\/2022\/09\/100ml-vertikaal.jpg 667w, https:\/\/angelinabalm.com\/wp-content\/uploads\/2022\/09\/100ml-vertikaal-600x900.jpg 600w, https:\/\/angelinabalm.com\/wp-content\/uploads\/2022\/09\/100ml-vertikaal-200x300.jpg 200w\" sizes=\"(max-width: 667px) 100vw, 667px\" \/><\/figure>\n<\/div>\n\n\n<h1 class=\"wp-block-heading\">Angelina Balm <\/h1>\n\n\n\n<p>Angelina Balm annab Sulle v\u00f5imaluse olla austatud ja armastatud iseenda poolt, siidpehme nahk on boonuseks.<\/p>\n\n\n\n<p>Angelina Balm 100% orgaanilised keha\u00f5lid on loodud nii nooremale kui ka k\u00fcpsemale nahale. P\u00f5hjus on lihtne &#8211; et k\u00f5ik inimesed s\u00f5ltumata soost, vanusest ja nahat\u00fc\u00fcbist v\u00f5iksid kogeda eelk\u00f5ige \u00f5nnetunnet, mille boonuseks on siidpehme nahk.<\/p>\n\n\n\n<p>Keha\u00f5li sisaldab viinamarjaseemne\u00f5li, mis on rikas vitamiinide ja \u03c9-3, -6, -9 rasvhapete poolest. \u00d5li sisaldab ka pol\u00fcfenoole, mis aeglustavad vananemist, soodustavad kollageeni s\u00fcnteesi, taastavad naharakud ja v\u00f5itlevad varajaste kortsude vastu. \u00d5li ei ummista poore, imendub kiiresti ning ei j\u00e4ta rasvast ega kleepuvat tunnet. Kerge tekstuuriga \u00f5li pinguldab ja toidab nahka \u00f5rnalt. Ei sisalda parabeene, mineraal\u00f5li, prop\u00fcleengl\u00fckooli, silikoone ega parf\u00fc\u00fcmi. Sobib kasutada nii \u00fcldmassa\u017eiks.<\/p>\n\n\n\n<p>Angelina Balm keha\u00f5lisid toodab ImagoPluss O\u00dc, kes on Eesti Kaubandus- T\u00f6\u00f6stusoja liige. <\/p>\n\n\n\n<p><strong>Mis on Angelina Balm?<\/strong><\/p>\n\n\n\n<p>Meil on hea meel pakkuda Angelina Balm kehahooldussarja kaudu v\u00f5imalust v\u00e4\u00e4rtustada ja armastada iseennast. Siidpehme nahk on meeldiv lisaboonus, kuid t\u00f5eline heaolutunne algab seestpoolt. Soovitame keha\u00f5li kasutamisel \u00f6elda endale h\u00e4id ja toetavaid s\u00f5nu \u2013 see loob rahu ja hea enesetunde.<\/p>\n\n\n\n<p>Angelina Balm keha\u00f5li sisaldab viinamarjaseemne\u00f5li, mis on rikas antioks\u00fcdantide ja E-vitamiini poolest, aidates niisutada nahka ja aeglustada vananemisprotsesse. \u00d5li imendub kiiresti, ei j\u00e4ta nahka rasvaseks ning aitab kaitsta nahka keskkonnam\u00f5jude eest, kuid ei asenda p\u00e4ikesekaitsevahendit.<\/p>\n\n\n\n<p>Toode vastab Euroopa Liidu kosmeetikan\u00f5uetele, on l\u00e4binud ohutushinnangu, mikrobioloogia- ja allergiatestid. K\u00f5ik koostisosad on l\u00e4bipaistvalt v\u00e4lja toodud.<\/p>\n\n\n\n<p>Angelina Balm p\u00f5hiv\u00e4\u00e4rtusteks on tarbija heaolu ja enesev\u00e4\u00e4rtustamine. Br\u00e4nd on inspireeritud tugevast ja soojust kiirgavast Hiiumaa naisest ning loodud armastuse, hoolimise ja austuse p\u00f5him\u00f5tetel. Usume, et kui armastame ja v\u00e4\u00e4rtustame iseennast, saame seda soojust ja hoolt ka teistele edasi anda.<\/p>\n\n\n\n<p>Armastusega,<br>Angelina Balm<\/p>\n","protected":false},"excerpt":{"rendered":"<p>Angelina Balm Angelina Balm annab Sulle v\u00f5imaluse olla austatud ja armastatud iseenda poolt, siidpehme nahk on boonuseks. Angelina Balm 100% orgaanilised keha\u00f5lid on loodud nii nooremale kui ka k\u00fcpsemale nahale. P\u00f5hjus on lihtne &#8211; et k\u00f5ik inimesed s\u00f5ltumata soost, vanusest ja nahat\u00fc\u00fcbist v\u00f5iksid kogeda eelk\u00f5ige \u00f5nnetunnet, mille boonuseks on siidpehme nahk. Keha\u00f5li sisaldab viinamarjaseemne\u00f5li, mis on rikas vitamiinide ja \u03c9-3, -6, -9 rasvhapete poolest. \u00d5li sisaldab ka pol\u00fcfenoole, mis aeglustavad vananemist, soodustavad kollageeni s\u00fcnteesi, taastavad naharakud ja v\u00f5itlevad varajaste kortsude vastu. \u00d5li ei ummista poore, imendub kiiresti ning ei j\u00e4ta rasvast ega kleepuvat tunnet. Kerge tekstuuriga \u00f5li pinguldab ja toidab nahka \u00f5rnalt. Ei sisalda parabeene, mineraal\u00f5li, prop\u00fcleengl\u00fckooli, silikoone ega parf\u00fc\u00fcmi. Sobib kasutada nii \u00fcldmassa\u017eiks. Angelina Balm keha\u00f5lisid toodab ImagoPluss O\u00dc, kes on Eesti Kaubandus- T\u00f6\u00f6stusoja liige. Mis on Angelina Balm? Meil on hea meel pakkuda Angelina Balm kehahooldussarja kaudu v\u00f5imalust v\u00e4\u00e4rtustada ja armastada iseennast. Siidpehme nahk on meeldiv lisaboonus, kuid t\u00f5eline heaolutunne algab seestpoolt. Soovitame keha\u00f5li kasutamisel \u00f6elda endale h\u00e4id ja toetavaid s\u00f5nu \u2013 see loob rahu ja hea enesetunde. Angelina Balm keha\u00f5li sisaldab viinamarjaseemne\u00f5li, mis on rikas antioks\u00fcdantide ja E-vitamiini poolest, aidates niisutada nahka ja aeglustada vananemisprotsesse. \u00d5li imendub kiiresti, ei j\u00e4ta nahka rasvaseks ning aitab kaitsta nahka keskkonnam\u00f5jude eest, kuid ei asenda p\u00e4ikesekaitsevahendit. Toode vastab Euroopa Liidu kosmeetikan\u00f5uetele, on l\u00e4binud ohutushinnangu, mikrobioloogia- ja allergiatestid. K\u00f5ik koostisosad on l\u00e4bipaistvalt v\u00e4lja toodud. Angelina Balm p\u00f5hiv\u00e4\u00e4rtusteks on tarbija heaolu ja enesev\u00e4\u00e4rtustamine. Br\u00e4nd on inspireeritud tugevast ja soojust kiirgavast Hiiumaa naisest ning loodud armastuse, hoolimise ja austuse p\u00f5him\u00f5tetel. Usume, et kui armastame ja v\u00e4\u00e4rtustame iseennast, saame seda soojust ja hoolt ka teistele edasi anda. Armastusega,Angelina Balm<\/p>\n","protected":false},"author":2,"featured_media":0,"parent":0,"menu_order":0,"comment_status":"closed","ping_status":"closed","template":"","meta":{"footnotes":""},"class_list":["post-17","page","type-page","status-publish","hentry"],"_links":{"self":[{"href":"https:\/\/angelinabalm.com\/index.php?rest_route=\/wp\/v2\/pages\/17","targetHints":{"allow":["GET"]}}],"collection":[{"href":"https:\/\/angelinabalm.com\/index.php?rest_route=\/wp\/v2\/pages"}],"about":[{"href":"https:\/\/angelinabalm.com\/index.php?rest_route=\/wp\/v2\/types\/page"}],"author":[{"embeddable":true,"href":"https:\/\/angelinabalm.com\/index.php?rest_route=\/wp\/v2\/users\/2"}],"replies":[{"embeddable":true,"href":"https:\/\/angelinabalm.com\/index.php?rest_route=%2Fwp%2Fv2%2Fcomments&post=17"}],"version-history":[{"count":6,"href":"https:\/\/angelinabalm.com\/index.php?rest_route=\/wp\/v2\/pages\/17\/revisions"}],"predecessor-version":[{"id":284,"href":"https:\/\/angelinabalm.com\/index.php?rest_route=\/wp\/v2\/pages\/17\/revisions\/284"}],"wp:attachment":[{"href":"https:\/\/angelinabalm.com\/index.php?rest_route=%2Fwp%2Fv2%2Fmedia&parent=17"}],"curies":[{"name":"wp","href":"https:\/\/api.w.org\/{rel}","templated":true}]}}