{"id":110,"date":"2022-02-15T20:34:42","date_gmt":"2022-02-15T20:34:42","guid":{"rendered":"https:\/\/angelinabalm.com\/?post_type=product&#038;p=110"},"modified":"2026-01-03T20:01:22","modified_gmt":"2026-01-03T20:01:22","slug":"the-studio-meigisvamm-kuivatuskarbiga","status":"publish","type":"product","link":"https:\/\/angelinabalm.com\/?product=the-studio-meigisvamm-kuivatuskarbiga","title":{"rendered":"THE STUDIO MEIGISVAMM KUIVATUSKARBIGA"},"content":{"rendered":"<p>Jumestuskunstnike lemmik!<\/p>\n<p>Ideaalse diagonaalse kujuga meigisvamm koos h\u00fcgieenilise kuivatus-hoiustamiskarbiga. Valmistatud kvaliteetsest materjalist, mis ei sisalda lateksit. Meigisvamm on pehme, elastne ja nahas\u00f5bralik. Ideaalne \u00f5hemate jumestuskreemide ja kosmeetikatoodete jaoks \u2013 v\u00e4hendab jumestuskreemi kadu, kuna meigisvamm ei ima korraga liiga palju toodet endasse. Pehme tekstuur sobib ideaalselt erinevate jumestuskreemide, kreemide ja muude meigitoodete \u00fchtlaseks pealekandmiseks. M\u00e4rjana kasutamisel paisub. \u00a0Hajutab \u00fchtlaselt kreemjaid tooteid ja puuderjaid tagamaks \u00a0k\u00f5rgkvaliteetset tulemust. Meigisvammi \u00fcmar ots sobib suurep\u00e4raselt p\u00f5sesarnal hajutamiseks ja meigisvammi peenem ots v\u00f5imaldab katta v\u00e4iksemaid puudusi. Sirge k\u00fclg v\u00f5imaldab saavutada laitmatult kauni ja siidise tulemuse. Suure elastsusega lateksivaba materjal, mis j\u00e4tab meigip\u00f5hja loomulikuks ja veatuks. Muutke oma meik t\u00e4iuslikuks kogu p\u00e4evaks.<\/p>\n<p>&nbsp;<\/p>\n<p><strong>Kasutamine<\/strong>:<\/p>\n<p>V\u00f5ib kasutada jumestuskreemi, p\u00f5sepuna, meigialuskreemide, puudrite ja muude meigitoodete pealekandmiseks. Kasutada m\u00e4rjana v\u00f5i kuivana. Paisub m\u00e4rjana kasutamisel. Niiske ja kuiv tagavad m\u00f5lemad suurep\u00e4rase ja kauap\u00fcsiva veatu meigi.- Niiske meigisvamm sobib vedelamatele BB-kreemidele\/jumestuskreemidele\/vedelatele toodetele. &#8211; Kuiv puudri\/kreemi tekstuuriga p\u00f5sepuna\/puudri\/bronzeri jaoks. Meigisvammi on lihtne kasutada ja puhastada. The Studio meigisvammi on kerge seebi ja veega puhastada. J\u00e4ta kuivama \u00f5hku l\u00e4bilaskvasse kuivatuskarpi.<\/p>\n<p>&nbsp;<\/p>\n","protected":false},"excerpt":{"rendered":"<p>Kvaliteetsest lateksivabast materjalist ideaalse diagonaalse kujuga meigisvamm koos h\u00fcgieenilise kuivatus-hoiustamiskarbiga.<\/p>\n","protected":false},"featured_media":111,"template":"","meta":[],"product_brand":[],"product_cat":[17],"product_tag":[],"class_list":{"0":"post-110","1":"product","2":"type-product","3":"status-publish","4":"has-post-thumbnail","6":"product_cat-uncategorized","8":"first","9":"instock","10":"featured","11":"taxable","12":"shipping-taxable","13":"purchasable","14":"product-type-simple"},"_links":{"self":[{"href":"https:\/\/angelinabalm.com\/index.php?rest_route=\/wp\/v2\/product\/110","targetHints":{"allow":["GET"]}}],"collection":[{"href":"https:\/\/angelinabalm.com\/index.php?rest_route=\/wp\/v2\/product"}],"about":[{"href":"https:\/\/angelinabalm.com\/index.php?rest_route=\/wp\/v2\/types\/product"}],"wp:featuredmedia":[{"embeddable":true,"href":"https:\/\/angelinabalm.com\/index.php?rest_route=\/wp\/v2\/media\/111"}],"wp:attachment":[{"href":"https:\/\/angelinabalm.com\/index.php?rest_route=%2Fwp%2Fv2%2Fmedia&parent=110"}],"wp:term":[{"taxonomy":"product_brand","embeddable":true,"href":"https:\/\/angelinabalm.com\/index.php?rest_route=%2Fwp%2Fv2%2Fproduct_brand&post=110"},{"taxonomy":"product_cat","embeddable":true,"href":"https:\/\/angelinabalm.com\/index.php?rest_route=%2Fwp%2Fv2%2Fproduct_cat&post=110"},{"taxonomy":"product_tag","embeddable":true,"href":"https:\/\/angelinabalm.com\/index.php?rest_route=%2Fwp%2Fv2%2Fproduct_tag&post=110"}],"curies":[{"name":"wp","href":"https:\/\/api.w.org\/{rel}","templated":true}]}}