{"id":179,"date":"2023-07-14T12:42:48","date_gmt":"2023-07-14T12:42:48","guid":{"rendered":"https:\/\/angelinabalm.com\/?post_type=product&#038;p=179"},"modified":"2026-04-28T15:56:30","modified_gmt":"2026-04-28T15:56:30","slug":"angelina-balm-naooli-sidrunhein-30ml","status":"publish","type":"product","link":"https:\/\/angelinabalm.com\/?product=angelina-balm-naooli-sidrunhein-30ml","title":{"rendered":"ANGELINA BALM N\u00e4o\u00f5li sidrunhein 30ml &#8211; Buduaar Ilulemmik 2023,2024 Anne ja Stiil Ilulemmik 2025"},"content":{"rendered":"<p>Buduaar Ilulemmik 2023,2024 Anne ja Stiil Ilulemmik 2025<\/p>\n<p>Toote kasutamine:<br \/>\nKasutage n\u00e4ohoolduseks ja massaa\u017eiks. Kanna \u00f5li niiskele v\u00f5i kuivale nahale masseerivate liigutustega. \u00dctle juurde endale h\u00e4id s\u00f5nu!<br \/>\nTOIME:<br \/>\nViinamarjaseemne\u00f5li niisutab ja pehmendab nahka ja imendub kiiresti. V\u00e4rske l\u00f5hn j\u00e4tab nahale meeldiva aroomi.<br \/>\nPeamised toimeained: viinamarjaseemne\u00f5li, C- ja E-vitamiin.<br \/>\nKirjeldus:<br \/>\n100% orgaaniline \u00f5li on rikas vitamiinide ja \u03c9-3, -6, -9 rasvhapete poolest. \u00d5li sisaldab pol\u00fcfenoole, mis aeglustavad naha n\u00e4htavat vananemist, taastavad naharakud ja v\u00f5itlevad varajaste kortsude vastu. See suurep\u00e4rane n\u00e4o\u00f5li sobib igat t\u00fc\u00fcpi nahale. \u00d5li ei ummista poore, imendub kiiresti ja ei j\u00e4ta \u00f5list ega kleepuvat tunnet. Kerge tekstuuriga \u00f5li pinguldab ja toidab \u00f5rnalt. Sobib ka aknele kalduvale ja rasusele nahale.C \u2013 vitamiin toimib antioks\u00fcdandina ning ennetab naha vananemist.<br \/>\nVananemisvastane: muudab naha n\u00e4htavalt pringimaks ning ning v\u00e4hendab kortse;<br \/>\nAntioks\u00fcdant: peatab vabu radikaale ja kaitseb rakke ka UV-kiirguse eest. SIDRUNHEIN on \u00f5rnalt l\u00f5\u00f5gastava ja v\u00e4rskendava toimega. Meeldiva v\u00e4rske tsitruselise l\u00f5hnaga, tujut\u00f5stev, stressivastane.<\/p>\n<p>Toodetud Eestis<\/p>\n","protected":false},"excerpt":{"rendered":"<p>Buduaar Ilulemmik 2023,2024 Anne ja Stiil Ilulemmik 2025<\/p>\n<p>Toote kasutamine:<br \/>\nKasutage n\u00e4ohoolduseks ja massaa\u017eiks. Kanna \u00f5li niiskele v\u00f5i kuivale nahale masseerivate liigutustega. \u00dctle juurde endale h\u00e4id s\u00f5nu!<br \/>\nTOIME:<br \/>\nViinamarjaseemne\u00f5li niisutab ja pehmendab nahka ja imendub kiiresti. V\u00e4rske l\u00f5hn j\u00e4tab nahale meeldiva aroomi.<br \/>\nPeamised toimeained: viinamarjaseemne\u00f5li, C- ja E-vitamiin.<br \/>\nKirjeldus:<br \/>\n100% orgaaniline \u00f5li on rikas vitamiinide ja \u03c9-3, -6, -9 rasvhapete poolest. \u00d5li sisaldab pol\u00fcfenoole, mis aeglustavad naha n\u00e4htavat vananemist, taastavad naharakud ja v\u00f5itlevad varajaste kortsude vastu. See suurep\u00e4rane n\u00e4o\u00f5li sobib igat t\u00fc\u00fcpi nahale. \u00d5li ei ummista poore, imendub kiiresti ja ei j\u00e4ta \u00f5list ega kleepuvat tunnet. Kerge tekstuuriga \u00f5li pinguldab ja toidab \u00f5rnalt. Sobib ka aknele kalduvale ja rasusele nahale.C \u2013 vitamiin toimib antioks\u00fcdandina ning ennetab naha vananemist.<br \/>\nVananemisvastane: muudab naha n\u00e4htavalt pringimaks ning ning v\u00e4hendab kortse;<br \/>\nAntioks\u00fcdant: peatab vabu radikaale ja kaitseb rakke ka UV-kiirguse eest. SIDRUNHEIN on \u00f5rnalt l\u00f5\u00f5gastava ja v\u00e4rskendava toimega. Meeldiva v\u00e4rske tsitruselise l\u00f5hnaga, tujut\u00f5stev, stressivastane.<\/p>\n<p>Toodetud Eestis<\/p>\n<p>&nbsp;<\/p>\n<p>Koostis: Vitis Vinifera Seed Oil, Ascorbyl Tetraisopalmitate, Tocopherol, Tocopheryl Acetate, Helianthus Annuus Seed Oil, Cymbopogon Citratus Leaf\/Stem Oil, Citral, Geraniol, Limonene<\/p>\n<p>&nbsp;<\/p>\n","protected":false},"featured_media":180,"template":"","meta":[],"product_brand":[],"product_cat":[17],"product_tag":[],"class_list":{"0":"post-179","1":"product","2":"type-product","3":"status-publish","4":"has-post-thumbnail","6":"product_cat-uncategorized","8":"first","9":"outofstock","10":"featured","11":"taxable","12":"shipping-taxable","13":"purchasable","14":"product-type-simple"},"_links":{"self":[{"href":"https:\/\/angelinabalm.com\/index.php?rest_route=\/wp\/v2\/product\/179","targetHints":{"allow":["GET"]}}],"collection":[{"href":"https:\/\/angelinabalm.com\/index.php?rest_route=\/wp\/v2\/product"}],"about":[{"href":"https:\/\/angelinabalm.com\/index.php?rest_route=\/wp\/v2\/types\/product"}],"wp:featuredmedia":[{"embeddable":true,"href":"https:\/\/angelinabalm.com\/index.php?rest_route=\/wp\/v2\/media\/180"}],"wp:attachment":[{"href":"https:\/\/angelinabalm.com\/index.php?rest_route=%2Fwp%2Fv2%2Fmedia&parent=179"}],"wp:term":[{"taxonomy":"product_brand","embeddable":true,"href":"https:\/\/angelinabalm.com\/index.php?rest_route=%2Fwp%2Fv2%2Fproduct_brand&post=179"},{"taxonomy":"product_cat","embeddable":true,"href":"https:\/\/angelinabalm.com\/index.php?rest_route=%2Fwp%2Fv2%2Fproduct_cat&post=179"},{"taxonomy":"product_tag","embeddable":true,"href":"https:\/\/angelinabalm.com\/index.php?rest_route=%2Fwp%2Fv2%2Fproduct_tag&post=179"}],"curies":[{"name":"wp","href":"https:\/\/api.w.org\/{rel}","templated":true}]}}