{"id":200,"date":"2024-03-13T16:46:00","date_gmt":"2024-03-13T16:46:00","guid":{"rendered":"https:\/\/angelinabalm.com\/?post_type=product&#038;p=200"},"modified":"2026-01-03T23:30:03","modified_gmt":"2026-01-03T23:30:03","slug":"meigikoolitus","status":"publish","type":"product","link":"https:\/\/angelinabalm.com\/?product=meigikoolitus","title":{"rendered":"ONLINE MEIGIKUNSTI ILU\u00d5HTU &#8211; MEIGIKOOLITUS &#8211; MEIK ISEENDALE"},"content":{"rendered":"<p>Oled oodatud ONLINE PRAKTILISELE MEIGIKUNSTI ILU\u00d5HTULE<\/p>\n<p>MEIGIKOOLITUS &#8211; MEIK ISEENDALE<\/p>\n<p>Eksklusiivne v\u00f5imalus ONLINES!<\/p>\n<p>Tule meiega ONLINE meigikoolitusele (ZOOM-is)!<br \/>\nAvasta enda unikaalne ilu!<br \/>\nSobib k\u00f5igile meigihuvilistele.<\/p>\n<div>\n<p class=\"cvGsUA direction-ltr align-start para-style-body\"><span class=\"a_GcMg font-feature-liga-off font-feature-clig-off font-feature-calt-off text-decoration-none text-strikethrough-none\">10 ONLINE meigikoolitust:<\/span><\/p>\n<p>Kell 12-14<\/p>\n<p class=\"cvGsUA direction-ltr align-start para-style-body\"><span class=\"a_GcMg font-feature-liga-off font-feature-clig-off font-feature-calt-off text-decoration-none text-strikethrough-none\">08.01.2026\u00a0 Kiirmeik \u2013 5 minuti meik \u2013 kiire, lihtne ja ilus igap\u00e4evaks<\/span><\/p>\n<p class=\"cvGsUA direction-ltr align-start para-style-body\"><span class=\"a_GcMg font-feature-liga-off font-feature-clig-off font-feature-calt-off text-decoration-none text-strikethrough-none\">15.01.2026\u00a0 Nahahooldus &amp; glow meigip\u00f5hi \u2013 kerge, \u00f5huline, loomulik jume<\/span><\/p>\n<p class=\"cvGsUA direction-ltr align-start para-style-body\"><span class=\"a_GcMg font-feature-liga-off font-feature-clig-off font-feature-calt-off text-decoration-none text-strikethrough-none\">22.01.2026 N\u00e4o modelleerimine, highlight &amp; p\u00f5sepuna \u2013 t\u00f5sta n\u00e4ojooni ja lisa s\u00e4ra<\/span><\/p>\n<p class=\"cvGsUA direction-ltr align-start para-style-body\"><span class=\"a_GcMg font-feature-liga-off font-feature-clig-off font-feature-calt-off text-decoration-none text-strikethrough-none\">05.02.2026 Silmameik: silmakujud &amp; v\u00e4rvid \u2013 loomulik ja isikup\u00e4rane<\/span><\/p>\n<p class=\"cvGsUA direction-ltr align-start para-style-body\"><span class=\"a_GcMg font-feature-liga-off font-feature-clig-off font-feature-calt-off text-decoration-none text-strikethrough-none\">12.02.2026\u00a0 Kulmud \u2013 n\u00e4o raam \u2013 leia ideaalne kuju ja loomuliku hajutus<\/span><\/p>\n<p class=\"cvGsUA direction-ltr align-start para-style-body\"><span class=\"a_GcMg font-feature-liga-off font-feature-clig-off font-feature-calt-off text-decoration-none text-strikethrough-none\">19.02.2026 Lopsakad ja kaunid huuled \u2013 vol\u00fc\u00fcmi- ja kujunipid, v\u00e4rvid, varjud<\/span><\/p>\n<p class=\"cvGsUA direction-ltr align-start para-style-body\"><span class=\"a_GcMg font-feature-liga-off font-feature-clig-off font-feature-calt-off text-decoration-none text-strikethrough-none\">12.03.2026\u00a0 T\u00e4iuslik meigip\u00f5hi \u2013 jumestuskreem ja naha \u00fchtlustamine, veatu tulemus<\/span><\/p>\n<p class=\"cvGsUA direction-ltr align-start para-style-body\"><span class=\"a_GcMg font-feature-liga-off font-feature-clig-off font-feature-calt-off text-decoration-none text-strikethrough-none\">19.03.2026 Pidulik silmameik \u2013 glam &amp; glow \u2013 pilkup\u00fc\u00fcdev suitsusilm ja s\u00e4delus \u00f5igetes kohtades<\/span><\/p>\n<p class=\"cvGsUA direction-ltr align-start para-style-body\"><span class=\"a_GcMg font-feature-liga-off font-feature-clig-off font-feature-calt-off text-decoration-none text-strikethrough-none\">26.03.2026 Laineri tegemine algajale \u2013 erinevad tehnikad, ka lihtne wing<\/span><\/p>\n<p class=\"cvGsUA direction-ltr align-start para-style-body\"><span class=\"a_GcMg font-feature-liga-off font-feature-clig-off font-feature-calt-off text-decoration-none text-strikethrough-none\">16.04.2025\u00a0 T\u00e4ismeik &#8211; Pidulik ja elegantne meik &amp; praktika \u2013 samm-sammult koos personaalse juhendamisega<\/span><\/p>\n<\/div>\n<div class=\"xdj266r x14z9mp xat24cr x1lziwak x1vvkbs\">Mida koolitusel \u00f5pime?<\/div>\n<div><\/div>\n<div class=\"x14z9mp xat24cr x1lziwak x1vvkbs xtlvy1s\">\u00a0Nahahooldus ja t\u00e4iuslik meigip\u00f5hi<br class=\"html-br\" \/>\u2022 Kuidas valmistada nahk ette, et meik kestaks kogu \u00f5htu.<br class=\"html-br\" \/>\u2022 \u00d5pid kerget jumestuskreemi ja peitekreemi tehnikat, mis loob ilusa, loomuliku jume.<br class=\"html-br\" \/>\u2022 N\u00e4pun\u00e4ited highlighteri ja dewy-efekti kasutamiseks, et nahk s\u00e4raks kaamerast ja \u00f6\u00f6valgustuses.<\/div>\n<div class=\"x14z9mp xat24cr x1lziwak x1vvkbs xtlvy1s\">Silmameik \u2013 trendikad toonid ja s\u00e4delus<br class=\"html-br\" \/>\u2022 Suitsusilma silmameigi, mis on lihtne, kuid efektne.<br class=\"html-br\" \/>\u2022 S\u00e4deluse ja metalliku lisamine \u00f5igesse kohta, et saavutada trendikas \u201chalo\u201d efekt.<br class=\"html-br\" \/>\u2022 Kuidas teha pehmet winged eyeliner\u2019i ja ripsmete juurde anda vol\u00fc\u00fcmi.<\/div>\n<div class=\"x14z9mp xat24cr x1lziwak x1vvkbs xtlvy1s\">\u00a0P\u00f5sed ja highlighter<br class=\"html-br\" \/>\u2022 \u00d5pid kuidas \u00f5igesti panna p\u00f5sepuna, et see t\u00f5staks n\u00e4ojooni ja sobiks aastavahetuse piduliku look\u2019iga.<br class=\"html-br\" \/>\u2022 Highlighteri paigutamine, nii et tulemus n\u00e4eks v\u00e4lja t\u00e4iuslik.<\/div>\n<div class=\"x14z9mp xat24cr x1lziwak x1vvkbs xtlvy1s\">Huulemeik \u2013 sobiva v\u00e4rvi valik ja viimistlus<br class=\"html-br\" \/>\u2022 \u00d5pid valima nude, roosa v\u00f5i klassikalise punase huuletooni vastavalt silmade meigile ja nahatoonile.<br class=\"html-br\" \/>\u2022 Kuidas lisada l\u00e4iget v\u00f5i s\u00e4delust, et huultele anda pidulik s\u00e4ra.<\/div>\n<div class=\"x14z9mp xat24cr x1lziwak x1vvkbs xtlvy1s\">Trendinipid 2026<br class=\"html-br\" \/>\u2022 \u00d5pid v\u00e4ikese s\u00e4deluse ja 2026 trende, mis j\u00e4\u00e4b elegantne.<br class=\"html-br\" \/>\u2022 Kombineerime neutraalset + s\u00e4delevat efekti.<br class=\"html-br\" \/>\u2022 Viimistlus: kuidas kasutada setting spray\u2019d, ja mis on see \u00fcldse on.<\/div>\n<div class=\"x14z9mp xat24cr x1lziwak x1vvkbs xtlvy1s\">\u00a0Samm-sammult praktika<br class=\"html-br\" \/>\u2022 Iga osaleja teeb enda meigi koos professionaalse jumestuskunstnik Evelin Kuldkepp\u00b4iga, reaalajas.<br class=\"html-br\" \/>\u2022 K\u00fcsid k\u00fcsimusi ja saad otse personaalseid n\u00e4pun\u00e4iteid.<br class=\"html-br\" \/>\u2022 L\u00f5pptulemus: p\u00fcsiv, trendikas\/loomulik meik<\/div>\n<div>\u2022 Valime vajalikud pintslid<\/div>\n<div><\/div>\n<div class=\"x14z9mp xat24cr x1lziwak x1vvkbs xtlvy1s\"><span class=\"html-span xexx8yu xyri2b x18d9i69 x1c1uobl x1hl2dhg x16tdsg8 x1vvkbs x3nfvp2 x1j61x8r x1fcty0u xdj266r xat24cr xm2jcoa x1mpyi22 xxymvpz xlup9mm x1kky2od\"><img decoding=\"async\" class=\"xz74otr x15mokao x1ga7v0g x16uus16 xbiv7yw\" src=\"https:\/\/static.xx.fbcdn.net\/images\/emoji.php\/v9\/tf4\/1\/16\/2728.png\" alt=\"&#x2728;\" width=\"16\" height=\"16\" \/><\/span>Miks koolitusel osaleda:<br class=\"html-br\" \/>\u2022 S\u00e4\u00e4stad aega ja energiat<br class=\"html-br\" \/>\u2022 \u00d5pid professionaalseid nippe, mis on lihtsad ja kiirelt teostatavad.<br class=\"html-br\" \/>\u2022 V\u00f5imalus teha koos s\u00f5brannadega, isegi eri linnadest v\u00f5i riikidest.<br class=\"html-br\" \/>\u2022 P\u00e4rast koolitust tead, kuidas ise oma meigi ka tulevikus ise ilusti valmis teha.<\/div>\n<div><\/div>\n<div class=\"x14z9mp xat24cr x1lziwak x1vvkbs xtlvy1s\">Vaja l\u00e4heb Sul oma meigikotti, peeglit ja head valgust.<\/div>\n<div><\/div>\n<div>IGALE OSALEJALE KINGITUS JANE IREDALE POOLT!<\/div>\n<div class=\"x14z9mp xat24cr x1lziwak x1vvkbs xtlvy1s\">R\u00f5\u00f5msa kohtumiseni!<\/div>\n<div><\/div>\n<div class=\"x14z9mp xat24cr x1lziwak x1vvkbs xtlvy1s\">1 online meigikoolituse hind:<\/div>\n<div class=\"x14z9mp xat24cr x1lziwak x1vvkbs xtlvy1s\"><span class=\"html-span xexx8yu xyri2b x18d9i69 x1c1uobl x1hl2dhg x16tdsg8 x1vvkbs x3nfvp2 x1j61x8r x1fcty0u xdj266r xat24cr xm2jcoa x1mpyi22 xxymvpz xlup9mm x1kky2od\"><img decoding=\"async\" class=\"xz74otr x15mokao x1ga7v0g x16uus16 xbiv7yw\" src=\"https:\/\/static.xx.fbcdn.net\/images\/emoji.php\/v9\/td8\/1\/16\/1f39f.png\" alt=\"&#x1f39f;&#xfe0f;\" width=\"16\" height=\"16\" \/><\/span>Soodushind 50.- (tav.80.-, koos s\u00f5brannaga 65.-)<\/div>\n<div>Koolitus sobib ka kingitusena. V\u00e4ljastame kinkekaardi.<\/div>\n<div class=\"x14z9mp xat24cr x1lziwak x1vvkbs xtlvy1s\"><\/div>\n<p>Avasta ilu ja heaolu saladused koos meiega!<\/p>\n<p>Toimumiskoha aadress: ZOOM<\/p>\n<p>Aeg: 12.00-14.00<\/p>\n<p>R\u00f5\u00f5msa kohtumiseni!<\/p>\n<p>Lisainfo ja registreerimine: evelin@imagopluss.eu, +372 566944 37<\/p>\n<div>\n<div>\n<div><\/div>\n<\/div>\n<\/div>\n","protected":false},"excerpt":{"rendered":"<p>Oled oodatud ONLINE PRAKTILISELE MEIGIKUNSTI ILU\u00d5HTULE<\/p>\n<p>MEIGIKOOLITUS &#8211; MEIK ISEENDALE<\/p>\n<p>Eksklusiivne v\u00f5imalus ONLINES!<\/p>\n<p>Tule meiega ONLINE meigikoolitusele (ZOOM-is)!<br \/>\nAvasta enda unikaalne ilu!<br \/>\nSobib k\u00f5igile meigihuvilistele.<\/p>\n<div>\n<p class=\"cvGsUA direction-ltr align-start para-style-body\"><span class=\"a_GcMg font-feature-liga-off font-feature-clig-off font-feature-calt-off text-decoration-none text-strikethrough-none\">10 ONLINE meigikoolitust:<\/span><\/p>\n<p>Kell 12-14<\/p>\n<p class=\"cvGsUA direction-ltr align-start para-style-body\"><span class=\"a_GcMg font-feature-liga-off font-feature-clig-off font-feature-calt-off text-decoration-none text-strikethrough-none\">08.01.2026\u00a0 Kiirmeik \u2013 5 minuti meik \u2013 kiire, lihtne ja ilus igap\u00e4evaks<\/span><\/p>\n<p class=\"cvGsUA direction-ltr align-start para-style-body\"><span class=\"a_GcMg font-feature-liga-off font-feature-clig-off font-feature-calt-off text-decoration-none text-strikethrough-none\">15.01.2026\u00a0 Nahahooldus &amp; glow meigip\u00f5hi \u2013 kerge, \u00f5huline, loomulik jume<\/span><\/p>\n<p class=\"cvGsUA direction-ltr align-start para-style-body\"><span class=\"a_GcMg font-feature-liga-off font-feature-clig-off font-feature-calt-off text-decoration-none text-strikethrough-none\">22.01.2026 N\u00e4o modelleerimine, highlight &amp; p\u00f5sepuna \u2013 t\u00f5sta n\u00e4ojooni ja lisa s\u00e4ra<\/span><\/p>\n<p class=\"cvGsUA direction-ltr align-start para-style-body\"><span class=\"a_GcMg font-feature-liga-off font-feature-clig-off font-feature-calt-off text-decoration-none text-strikethrough-none\">05.02.2026 Silmameik: silmakujud &amp; v\u00e4rvid \u2013 loomulik ja isikup\u00e4rane<\/span><\/p>\n<p class=\"cvGsUA direction-ltr align-start para-style-body\"><span class=\"a_GcMg font-feature-liga-off font-feature-clig-off font-feature-calt-off text-decoration-none text-strikethrough-none\">12.02.2026\u00a0 Kulmud \u2013 n\u00e4o raam \u2013 leia ideaalne kuju ja loomuliku hajutus<\/span><\/p>\n<p class=\"cvGsUA direction-ltr align-start para-style-body\"><span class=\"a_GcMg font-feature-liga-off font-feature-clig-off font-feature-calt-off text-decoration-none text-strikethrough-none\">19.02.2026 Lopsakad ja kaunid huuled \u2013 vol\u00fc\u00fcmi- ja kujunipid, v\u00e4rvid, varjud<\/span><\/p>\n<p class=\"cvGsUA direction-ltr align-start para-style-body\"><span class=\"a_GcMg font-feature-liga-off font-feature-clig-off font-feature-calt-off text-decoration-none text-strikethrough-none\">12.03.2026\u00a0 T\u00e4iuslik meigip\u00f5hi \u2013 jumestuskreem ja naha \u00fchtlustamine, veatu tulemus<\/span><\/p>\n<p class=\"cvGsUA direction-ltr align-start para-style-body\"><span class=\"a_GcMg font-feature-liga-off font-feature-clig-off font-feature-calt-off text-decoration-none text-strikethrough-none\">19.03.2026 Pidulik silmameik \u2013 glam &amp; glow \u2013 pilkup\u00fc\u00fcdev suitsusilm ja s\u00e4delus \u00f5igetes kohtades<\/span><\/p>\n<p class=\"cvGsUA direction-ltr align-start para-style-body\"><span class=\"a_GcMg font-feature-liga-off font-feature-clig-off font-feature-calt-off text-decoration-none text-strikethrough-none\">26.03.2026 Laineri tegemine algajale \u2013 erinevad tehnikad, ka lihtne wing<\/span><\/p>\n<p class=\"cvGsUA direction-ltr align-start para-style-body\"><span class=\"a_GcMg font-feature-liga-off font-feature-clig-off font-feature-calt-off text-decoration-none text-strikethrough-none\">16.04.2025\u00a0 T\u00e4ismeik &#8211; Pidulik ja elegantne meik &amp; praktika \u2013 samm-sammult koos personaalse juhendamisega<\/span><\/p>\n<p>Kus: ZOOMis<\/p>\n<p>Vali sobiv meigikoolitus ja kohtumiseni Zoomis!<\/p>\n<\/div>\n","protected":false},"featured_media":281,"template":"","meta":[],"product_brand":[],"product_cat":[17],"product_tag":[],"class_list":{"0":"post-200","1":"product","2":"type-product","3":"status-publish","4":"has-post-thumbnail","6":"product_cat-uncategorized","8":"first","9":"instock","10":"featured","11":"virtual","12":"taxable","13":"purchasable","14":"product-type-simple"},"_links":{"self":[{"href":"https:\/\/angelinabalm.com\/index.php?rest_route=\/wp\/v2\/product\/200","targetHints":{"allow":["GET"]}}],"collection":[{"href":"https:\/\/angelinabalm.com\/index.php?rest_route=\/wp\/v2\/product"}],"about":[{"href":"https:\/\/angelinabalm.com\/index.php?rest_route=\/wp\/v2\/types\/product"}],"wp:featuredmedia":[{"embeddable":true,"href":"https:\/\/angelinabalm.com\/index.php?rest_route=\/wp\/v2\/media\/281"}],"wp:attachment":[{"href":"https:\/\/angelinabalm.com\/index.php?rest_route=%2Fwp%2Fv2%2Fmedia&parent=200"}],"wp:term":[{"taxonomy":"product_brand","embeddable":true,"href":"https:\/\/angelinabalm.com\/index.php?rest_route=%2Fwp%2Fv2%2Fproduct_brand&post=200"},{"taxonomy":"product_cat","embeddable":true,"href":"https:\/\/angelinabalm.com\/index.php?rest_route=%2Fwp%2Fv2%2Fproduct_cat&post=200"},{"taxonomy":"product_tag","embeddable":true,"href":"https:\/\/angelinabalm.com\/index.php?rest_route=%2Fwp%2Fv2%2Fproduct_tag&post=200"}],"curies":[{"name":"wp","href":"https:\/\/api.w.org\/{rel}","templated":true}]}}