{"id":257,"date":"2024-12-28T11:41:22","date_gmt":"2024-12-28T11:41:22","guid":{"rendered":"https:\/\/angelinabalm.com\/?post_type=product&#038;p=257"},"modified":"2026-04-28T15:55:40","modified_gmt":"2026-04-28T15:55:40","slug":"angelina-balm-naooli-lavendel-30ml","status":"publish","type":"product","link":"https:\/\/angelinabalm.com\/?product=angelina-balm-naooli-lavendel-30ml","title":{"rendered":"ANGELINA BALM N\u00e4o\u00f5li lavendel 30ml &#8211; Buduaar Ilulemmik 2025"},"content":{"rendered":"<p>Angelina Balm Lavendel n\u00e4o\u00f5li &#8211; Buduaar Ilulemmik 2025<\/p>\n<p>Toote kasutamine:<br \/>\nKasutage n\u00e4ohoolduseks ja massaa\u017eiks. Kanna \u00f5li niiskele v\u00f5i kuivale nahale masseerivate liigutustega. \u00dctle juurde endale h\u00e4id s\u00f5nu!<br \/>\nTOIME:<br \/>\nViinamarjaseemne\u00f5li niisutab ja pehmendab nahka ja imendub kiiresti. V\u00e4rske l\u00f5hn j\u00e4tab nahale meeldiva aroomi.<br \/>\nPeamised toimeained: viinamarjaseemne\u00f5li, C- ja E-vitamiin.<br \/>\nKirjeldus:<br \/>\n100% orgaaniline \u00f5li on rikas vitamiinide ja \u03c9-3, -6, -9 rasvhapete poolest. \u00d5li sisaldab pol\u00fcfenoole, mis aeglustavad naha n\u00e4htavat vananemist, taastavad naharakud ja v\u00f5itlevad varajaste kortsude vastu. See suurep\u00e4rane n\u00e4o\u00f5li sobib igat t\u00fc\u00fcpi nahale. \u00d5li ei ummista poore, imendub kiiresti ja ei j\u00e4ta \u00f5list ega kleepuvat tunnet. Kerge tekstuuriga \u00f5li pinguldab ja toidab \u00f5rnalt. Sobib ka aknele kalduvale ja rasusele nahale.C \u2013 vitamiin toimib antioks\u00fcdandina ning ennetab naha vananemist.<br \/>\nVananemisvastane: muudab naha n\u00e4htavalt pringimaks ning ning v\u00e4hendab kortse;<br \/>\nAntioks\u00fcdant: peatab vabu radikaale ja kaitseb rakke ka UV-kiirguse eest.<\/p>\n<p>LAVENDEL on \u00f5rnalt l\u00f5\u00f5gastava ja rahustava toimega ning meeldiva aroomiga.<\/p>\n<p>Toodetud Eestis<\/p>\n","protected":false},"excerpt":{"rendered":"<p>Angelina Balm Lavendel n\u00e4o\u00f5li- Buduaar Ilulemmik 2025<\/p>\n<p>Toote kasutamine:<br \/>\nKasutage n\u00e4ohoolduseks ja massaa\u017eiks. Kanna \u00f5li niiskele v\u00f5i kuivale nahale masseerivate liigutustega. \u00dctle juurde endale h\u00e4id s\u00f5nu!<br \/>\nTOIME:<br \/>\nViinamarjaseemne\u00f5li niisutab ja pehmendab nahka ja imendub kiiresti. V\u00e4rske l\u00f5hn j\u00e4tab nahale meeldiva aroomi.<br \/>\nPeamised toimeained: viinamarjaseemne\u00f5li, C- ja E-vitamiin.<br \/>\nKirjeldus:<br \/>\n100% orgaaniline \u00f5li on rikas vitamiinide ja \u03c9-3, -6, -9 rasvhapete poolest. \u00d5li sisaldab pol\u00fcfenoole, mis aeglustavad naha n\u00e4htavat vananemist, taastavad naharakud ja v\u00f5itlevad varajaste kortsude vastu. See suurep\u00e4rane n\u00e4o\u00f5li sobib igat t\u00fc\u00fcpi nahale. \u00d5li ei ummista poore, imendub kiiresti ja ei j\u00e4ta \u00f5list ega kleepuvat tunnet. Kerge tekstuuriga \u00f5li pinguldab ja toidab \u00f5rnalt. Sobib ka aknele kalduvale ja rasusele nahale.C \u2013 vitamiin toimib antioks\u00fcdandina ning ennetab naha vananemist.<br \/>\nVananemisvastane: muudab naha n\u00e4htavalt pringimaks ning ning v\u00e4hendab kortse;<br \/>\nAntioks\u00fcdant: peatab vabu radikaale ja kaitseb rakke ka UV-kiirguse eest.<\/p>\n<p>LAVENDEL on \u00f5rnalt l\u00f5\u00f5gastava ja rahustava toimega ning meeldiva aroomiga.<\/p>\n<p>Toodetud Eestis<\/p>\n<p>Koostis: Vitis Vinifera Seed Oil, Ascorbyl Tetraisopalmitate, Tocopherol, Tocopheryl Acetate, Helianthus Annuus Seed Oil, Lavandula Angustifolia Oil, Linalool, Linalyl Acetate, Beta-Caryophyllene, Terpineol, Limonene, Geranyl Acetate, Camphor<\/p>\n<p>&nbsp;<\/p>\n","protected":false},"featured_media":258,"template":"","meta":[],"product_brand":[],"product_cat":[17],"product_tag":[],"class_list":{"0":"post-257","1":"product","2":"type-product","3":"status-publish","4":"has-post-thumbnail","6":"product_cat-uncategorized","8":"first","9":"outofstock","10":"featured","11":"taxable","12":"shipping-taxable","13":"purchasable","14":"product-type-simple"},"_links":{"self":[{"href":"https:\/\/angelinabalm.com\/index.php?rest_route=\/wp\/v2\/product\/257","targetHints":{"allow":["GET"]}}],"collection":[{"href":"https:\/\/angelinabalm.com\/index.php?rest_route=\/wp\/v2\/product"}],"about":[{"href":"https:\/\/angelinabalm.com\/index.php?rest_route=\/wp\/v2\/types\/product"}],"wp:featuredmedia":[{"embeddable":true,"href":"https:\/\/angelinabalm.com\/index.php?rest_route=\/wp\/v2\/media\/258"}],"wp:attachment":[{"href":"https:\/\/angelinabalm.com\/index.php?rest_route=%2Fwp%2Fv2%2Fmedia&parent=257"}],"wp:term":[{"taxonomy":"product_brand","embeddable":true,"href":"https:\/\/angelinabalm.com\/index.php?rest_route=%2Fwp%2Fv2%2Fproduct_brand&post=257"},{"taxonomy":"product_cat","embeddable":true,"href":"https:\/\/angelinabalm.com\/index.php?rest_route=%2Fwp%2Fv2%2Fproduct_cat&post=257"},{"taxonomy":"product_tag","embeddable":true,"href":"https:\/\/angelinabalm.com\/index.php?rest_route=%2Fwp%2Fv2%2Fproduct_tag&post=257"}],"curies":[{"name":"wp","href":"https:\/\/api.w.org\/{rel}","templated":true}]}}